{"id":2,"date":"2025-06-17T07:42:20","date_gmt":"2025-06-17T07:42:20","guid":{"rendered":"https:\/\/frutadendazurian.rkinformatika.online\/?page_id=2"},"modified":"2025-06-17T11:54:13","modified_gmt":"2025-06-17T11:54:13","slug":"inicio","status":"publish","type":"page","link":"https:\/\/frutadendazurian.com\/eu\/","title":{"rendered":"Hasiera"},"content":{"rendered":"<div data-elementor-type=\"wp-page\" data-elementor-id=\"2\" class=\"elementor elementor-2\" data-elementor-post-type=\"page\">\n\t\t\t\t\t\t<section class=\"elementor-section elementor-top-section elementor-element elementor-element-119f32a elementor-section-boxed elementor-section-height-default elementor-section-height-default\" data-id=\"119f32a\" data-element_type=\"section\" data-e-type=\"section\" data-settings=\"{&quot;background_background&quot;:&quot;classic&quot;}\">\n\t\t\t\t\t\t\t<div class=\"elementor-background-overlay\"><\/div>\n\t\t\t\t\t\t\t<div class=\"elementor-container elementor-column-gap-default\">\n\t\t\t\t\t<div class=\"elementor-column elementor-col-100 elementor-top-column elementor-element elementor-element-1b232ab elementor-invisible\" data-id=\"1b232ab\" data-element_type=\"column\" data-e-type=\"column\" data-settings=\"{&quot;animation&quot;:&quot;fadeInRight&quot;}\">\n\t\t\t<div class=\"elementor-widget-wrap elementor-element-populated\">\n\t\t\t\t\t\t<div class=\"elementor-element elementor-element-1531fae elementor-widget elementor-widget-heading\" data-id=\"1531fae\" data-element_type=\"widget\" data-e-type=\"widget\" data-widget_type=\"heading.default\">\n\t\t\t\t<div class=\"elementor-widget-container\">\n\t\t\t\t\t<h2 class=\"elementor-heading-title elementor-size-default\">Fruta zaporedunarekiko pasioa!<\/h2>\t\t\t\t<\/div>\n\t\t\t\t<\/div>\n\t\t\t\t\t<\/div>\n\t\t<\/div>\n\t\t\t\t\t<\/div>\n\t\t<\/section>\n\t\t\t\t<section class=\"elementor-section elementor-top-section elementor-element elementor-element-ccbf895 elementor-section-boxed elementor-section-height-default elementor-section-height-default\" data-id=\"ccbf895\" data-element_type=\"section\" data-e-type=\"section\">\n\t\t\t\t\t\t<div class=\"elementor-container elementor-column-gap-default\">\n\t\t\t\t\t<div class=\"elementor-column elementor-col-50 elementor-top-column elementor-element elementor-element-a4f04d2\" data-id=\"a4f04d2\" data-element_type=\"column\" data-e-type=\"column\">\n\t\t\t<div class=\"elementor-widget-wrap elementor-element-populated\">\n\t\t\t\t\t\t<div class=\"elementor-element elementor-element-4d6e8e4 elementor-widget elementor-widget-image\" data-id=\"4d6e8e4\" data-element_type=\"widget\" data-e-type=\"widget\" data-widget_type=\"image.default\">\n\t\t\t\t<div class=\"elementor-widget-container\">\n\t\t\t\t\t\t\t\t\t\t\t\t\t\t\t<img fetchpriority=\"high\" decoding=\"async\" width=\"667\" height=\"1000\" src=\"https:\/\/frutadendazurian.com\/wp-content\/uploads\/2025\/06\/88.jpg\" class=\"elementor-animation-shrink attachment-full size-full wp-image-138\" alt=\"\" srcset=\"https:\/\/frutadendazurian.com\/wp-content\/uploads\/2025\/06\/88.jpg 667w, https:\/\/frutadendazurian.com\/wp-content\/uploads\/2025\/06\/88-200x300.jpg 200w, https:\/\/frutadendazurian.com\/wp-content\/uploads\/2025\/06\/88-8x12.jpg 8w\" sizes=\"(max-width: 667px) 100vw, 667px\" \/>\t\t\t\t\t\t\t\t\t\t\t\t\t\t\t<\/div>\n\t\t\t\t<\/div>\n\t\t\t\t\t<\/div>\n\t\t<\/div>\n\t\t\t\t<div class=\"elementor-column elementor-col-50 elementor-top-column elementor-element elementor-element-15e2bff\" data-id=\"15e2bff\" data-element_type=\"column\" data-e-type=\"column\">\n\t\t\t<div class=\"elementor-widget-wrap elementor-element-populated\">\n\t\t\t\t\t\t<div class=\"elementor-element elementor-element-a72e420 elementor-widget elementor-widget-spacer\" data-id=\"a72e420\" data-element_type=\"widget\" data-e-type=\"widget\" data-widget_type=\"spacer.default\">\n\t\t\t\t<div class=\"elementor-widget-container\">\n\t\t\t\t\t\t\t<div class=\"elementor-spacer\">\n\t\t\t<div class=\"elementor-spacer-inner\"><\/div>\n\t\t<\/div>\n\t\t\t\t\t\t<\/div>\n\t\t\t\t<\/div>\n\t\t\t\t<div class=\"elementor-element elementor-element-6fe5771 elementor-invisible elementor-widget elementor-widget-heading\" data-id=\"6fe5771\" data-element_type=\"widget\" data-e-type=\"widget\" data-settings=\"{&quot;_animation&quot;:&quot;fadeIn&quot;,&quot;_animation_delay&quot;:50}\" data-widget_type=\"heading.default\">\n\t\t\t\t<div class=\"elementor-widget-container\">\n\t\t\t\t\t<h2 class=\"elementor-heading-title elementor-size-default\">Ongi etorri<\/h2>\t\t\t\t<\/div>\n\t\t\t\t<\/div>\n\t\t\t\t<div class=\"elementor-element elementor-element-9bc4cd2 elementor-invisible elementor-widget elementor-widget-heading\" data-id=\"9bc4cd2\" data-element_type=\"widget\" data-e-type=\"widget\" data-settings=\"{&quot;_animation&quot;:&quot;fadeIn&quot;,&quot;_animation_delay&quot;:100}\" data-widget_type=\"heading.default\">\n\t\t\t\t<div class=\"elementor-widget-container\">\n\t\t\t\t\t<h2 class=\"elementor-heading-title elementor-size-default\">Guri buruz <\/h2>\t\t\t\t<\/div>\n\t\t\t\t<\/div>\n\t\t\t\t<div class=\"elementor-element elementor-element-5c37400 elementor-widget elementor-widget-text-editor\" data-id=\"5c37400\" data-element_type=\"widget\" data-e-type=\"widget\" data-widget_type=\"text-editor.default\">\n\t\t\t\t<div class=\"elementor-widget-container\">\n\t\t\t\t\t\t\t\t\t<p>Zurian frutadendan hamarkada bat baino gehiago daramagu zelaiko onena hurbiltzen, maitasunez, freskotasunez eta maite dugun tratu hurbilarekin. 2012tik, genero ona prezio onean eskaintzen dugu, fruta eta barazki bakoitza kontu handiz aukeratuz, beti etxera onena eraman dezazun.<\/p>\t\t\t\t\t\t\t\t<\/div>\n\t\t\t\t<\/div>\n\t\t\t\t\t<\/div>\n\t\t<\/div>\n\t\t\t\t\t<\/div>\n\t\t<\/section>\n\t\t\t\t<section class=\"elementor-section elementor-top-section elementor-element elementor-element-0f92dcc elementor-section-boxed elementor-section-height-default elementor-section-height-default\" data-id=\"0f92dcc\" data-element_type=\"section\" data-e-type=\"section\">\n\t\t\t\t\t\t<div class=\"elementor-container elementor-column-gap-default\">\n\t\t\t\t\t<div class=\"elementor-column elementor-col-50 elementor-top-column elementor-element elementor-element-bc24e20\" data-id=\"bc24e20\" data-element_type=\"column\" data-e-type=\"column\">\n\t\t\t<div class=\"elementor-widget-wrap elementor-element-populated\">\n\t\t\t\t\t\t<div class=\"elementor-element elementor-element-d1ff060 elementor-widget elementor-widget-spacer\" data-id=\"d1ff060\" data-element_type=\"widget\" data-e-type=\"widget\" data-widget_type=\"spacer.default\">\n\t\t\t\t<div class=\"elementor-widget-container\">\n\t\t\t\t\t\t\t<div class=\"elementor-spacer\">\n\t\t\t<div class=\"elementor-spacer-inner\"><\/div>\n\t\t<\/div>\n\t\t\t\t\t\t<\/div>\n\t\t\t\t<\/div>\n\t\t\t\t<div class=\"elementor-element elementor-element-12a11c1 elementor-invisible elementor-widget elementor-widget-heading\" data-id=\"12a11c1\" data-element_type=\"widget\" data-e-type=\"widget\" data-settings=\"{&quot;_animation&quot;:&quot;fadeIn&quot;,&quot;_animation_delay&quot;:50}\" data-widget_type=\"heading.default\">\n\t\t\t\t<div class=\"elementor-widget-container\">\n\t\t\t\t\t<h2 class=\"elementor-heading-title elementor-size-default\">hasiera<\/h2>\t\t\t\t<\/div>\n\t\t\t\t<\/div>\n\t\t\t\t<div class=\"elementor-element elementor-element-d8bf4ae elementor-invisible elementor-widget elementor-widget-heading\" data-id=\"d8bf4ae\" data-element_type=\"widget\" data-e-type=\"widget\" data-settings=\"{&quot;_animation&quot;:&quot;fadeIn&quot;,&quot;_animation_delay&quot;:100}\" data-widget_type=\"heading.default\">\n\t\t\t\t<div class=\"elementor-widget-container\">\n\t\t\t\t\t<h2 class=\"elementor-heading-title elementor-size-default\">Fruta eta barazkien txikizkako salmenta<\/h2>\t\t\t\t<\/div>\n\t\t\t\t<\/div>\n\t\t\t\t<div class=\"elementor-element elementor-element-f075267 elementor-widget elementor-widget-text-editor\" data-id=\"f075267\" data-element_type=\"widget\" data-e-type=\"widget\" data-widget_type=\"text-editor.default\">\n\t\t\t\t<div class=\"elementor-widget-container\">\n\t\t\t\t\t\t\t\t\t<p>Zu ezagutzea, zer gustatzen zaizun jakitea eta familiakoa bazina bezala lagundu ahal izatea gustatzen zaigu. Guretzat, bezero bakoitza berezia delako. Eta egunen batean etortzerik ez baduzu, ez kezkatu: erosketak etxera ere eramango dizkizugu, kalitate eta freskotasun guztiaz goza dezazun, sofatik mugitu gabe.<\/p>\t\t\t\t\t\t\t\t<\/div>\n\t\t\t\t<\/div>\n\t\t\t\t\t<\/div>\n\t\t<\/div>\n\t\t\t\t<div class=\"elementor-column elementor-col-50 elementor-top-column elementor-element elementor-element-1f221a6\" data-id=\"1f221a6\" data-element_type=\"column\" data-e-type=\"column\">\n\t\t\t<div class=\"elementor-widget-wrap elementor-element-populated\">\n\t\t\t\t\t\t<div class=\"elementor-element elementor-element-f27ad23 elementor-widget elementor-widget-image\" data-id=\"f27ad23\" data-element_type=\"widget\" data-e-type=\"widget\" data-widget_type=\"image.default\">\n\t\t\t\t<div class=\"elementor-widget-container\">\n\t\t\t\t\t\t\t\t\t\t\t\t\t\t\t<img decoding=\"async\" width=\"667\" height=\"1000\" src=\"https:\/\/frutadendazurian.com\/wp-content\/uploads\/2025\/06\/1447.jpg\" class=\"elementor-animation-shrink attachment-full size-full wp-image-137\" alt=\"\" srcset=\"https:\/\/frutadendazurian.com\/wp-content\/uploads\/2025\/06\/1447.jpg 667w, https:\/\/frutadendazurian.com\/wp-content\/uploads\/2025\/06\/1447-200x300.jpg 200w, https:\/\/frutadendazurian.com\/wp-content\/uploads\/2025\/06\/1447-8x12.jpg 8w\" sizes=\"(max-width: 667px) 100vw, 667px\" \/>\t\t\t\t\t\t\t\t\t\t\t\t\t\t\t<\/div>\n\t\t\t\t<\/div>\n\t\t\t\t\t<\/div>\n\t\t<\/div>\n\t\t\t\t\t<\/div>\n\t\t<\/section>\n\t\t<div class=\"elementor-element elementor-element-484dc3a e-flex e-con-boxed e-con e-parent\" data-id=\"484dc3a\" data-element_type=\"container\" data-e-type=\"container\" data-settings=\"{&quot;background_background&quot;:&quot;classic&quot;}\">\n\t\t\t\t\t<div class=\"e-con-inner\">\n\t\t\t\t<div class=\"elementor-element elementor-element-915b72f elementor-invisible elementor-widget elementor-widget-heading\" data-id=\"915b72f\" data-element_type=\"widget\" data-e-type=\"widget\" data-settings=\"{&quot;_animation&quot;:&quot;fadeInRight&quot;}\" data-widget_type=\"heading.default\">\n\t\t\t\t<div class=\"elementor-widget-container\">\n\t\t\t\t\t<h2 class=\"elementor-heading-title elementor-size-default\">Zurian frutadenda \u2013 Konfiantzazko zure fruta 2012tik!<\/h2>\t\t\t\t<\/div>\n\t\t\t\t<\/div>\n\t\t\t\t<div class=\"elementor-element elementor-element-c972b92 elementor-invisible elementor-widget elementor-widget-button\" data-id=\"c972b92\" data-element_type=\"widget\" data-e-type=\"widget\" data-settings=\"{&quot;_animation&quot;:&quot;fadeInLeft&quot;}\" data-widget_type=\"button.default\">\n\t\t\t\t<div class=\"elementor-widget-container\">\n\t\t\t\t\t\t\t\t\t<div class=\"elementor-button-wrapper\">\n\t\t\t\t\t<a class=\"elementor-button elementor-button-link elementor-size-sm\" href=\"\/eu\/servicios\/\">\n\t\t\t\t\t\t<span class=\"elementor-button-content-wrapper\">\n\t\t\t\t\t\t\t\t\t<span class=\"elementor-button-text\">Gure produktuak<\/span>\n\t\t\t\t\t<\/span>\n\t\t\t\t\t<\/a>\n\t\t\t\t<\/div>\n\t\t\t\t\t\t\t\t<\/div>\n\t\t\t\t<\/div>\n\t\t\t\t\t<\/div>\n\t\t\t\t<\/div>\n\t\t\t\t<\/div>","protected":false},"excerpt":{"rendered":"<p>\u00a1Pasi\u00f3n por la fruta con sabor! Bienvenidos Sobre nosotros En Frutadenda Zurian llevamos m\u00e1s de una d\u00e9cada acerc\u00e1ndote lo mejor del campo con cari\u00f1o, frescura y un trato cercano que nos encanta. Desde 2012, nos dedicamos a ofrecer buen g\u00e9nero a buen precio, seleccionando cuidadosamente cada fruta y verdura para que siempre te lleves a [&hellip;]<\/p>\n","protected":false},"author":1,"featured_media":0,"parent":0,"menu_order":0,"comment_status":"closed","ping_status":"closed","template":"elementor_canvas","meta":{"footnotes":""},"class_list":["post-2","page","type-page","status-publish","hentry"],"yoast_head":"<!-- This site is optimized with the Yoast SEO plugin v27.3 - https:\/\/yoast.com\/product\/yoast-seo-wordpress\/ -->\n<title>Inicio - Frutadenda Zurian<\/title>\n<meta name=\"robots\" content=\"index, follow, max-snippet:-1, max-image-preview:large, max-video-preview:-1\" \/>\n<link rel=\"canonical\" href=\"https:\/\/frutadendazurian.com\/eu\/\" \/>\n<meta property=\"og:locale\" content=\"en_US\" \/>\n<meta property=\"og:type\" content=\"article\" \/>\n<meta property=\"og:title\" content=\"Inicio - Frutadenda Zurian\" \/>\n<meta property=\"og:description\" content=\"\u00a1Pasi\u00f3n por la fruta con sabor! Bienvenidos Sobre nosotros En Frutadenda Zurian llevamos m\u00e1s de una d\u00e9cada acerc\u00e1ndote lo mejor del campo con cari\u00f1o, frescura y un trato cercano que nos encanta. Desde 2012, nos dedicamos a ofrecer buen g\u00e9nero a buen precio, seleccionando cuidadosamente cada fruta y verdura para que siempre te lleves a [&hellip;]\" \/>\n<meta property=\"og:url\" content=\"https:\/\/frutadendazurian.com\/eu\/\" \/>\n<meta property=\"og:site_name\" content=\"Frutadenda Zurian\" \/>\n<meta property=\"article:modified_time\" content=\"2025-06-17T11:54:13+00:00\" \/>\n<meta property=\"og:image\" content=\"https:\/\/frutadendazurian.com\/wp-content\/uploads\/2025\/06\/88.jpg\" \/>\n<meta name=\"twitter:card\" content=\"summary_large_image\" \/>\n<meta name=\"twitter:label1\" content=\"Est. reading time\" \/>\n\t<meta name=\"twitter:data1\" content=\"1 minutua\" \/>\n<script type=\"application\/ld+json\" class=\"yoast-schema-graph\">{\"@context\":\"https:\\\/\\\/schema.org\",\"@graph\":[{\"@type\":\"WebPage\",\"@id\":\"https:\\\/\\\/frutadendazurian.com\\\/\",\"url\":\"https:\\\/\\\/frutadendazurian.com\\\/\",\"name\":\"Inicio - Frutadenda Zurian\",\"isPartOf\":{\"@id\":\"https:\\\/\\\/frutadendazurian.com\\\/#website\"},\"primaryImageOfPage\":{\"@id\":\"https:\\\/\\\/frutadendazurian.com\\\/#primaryimage\"},\"image\":{\"@id\":\"https:\\\/\\\/frutadendazurian.com\\\/#primaryimage\"},\"thumbnailUrl\":\"https:\\\/\\\/frutadendazurian.com\\\/wp-content\\\/uploads\\\/2025\\\/06\\\/88.jpg\",\"datePublished\":\"2025-06-17T07:42:20+00:00\",\"dateModified\":\"2025-06-17T11:54:13+00:00\",\"breadcrumb\":{\"@id\":\"https:\\\/\\\/frutadendazurian.com\\\/#breadcrumb\"},\"inLanguage\":\"eu\",\"potentialAction\":[{\"@type\":\"ReadAction\",\"target\":[\"https:\\\/\\\/frutadendazurian.com\\\/\"]}]},{\"@type\":\"ImageObject\",\"inLanguage\":\"eu\",\"@id\":\"https:\\\/\\\/frutadendazurian.com\\\/#primaryimage\",\"url\":\"https:\\\/\\\/frutadendazurian.com\\\/wp-content\\\/uploads\\\/2025\\\/06\\\/88.jpg\",\"contentUrl\":\"https:\\\/\\\/frutadendazurian.com\\\/wp-content\\\/uploads\\\/2025\\\/06\\\/88.jpg\"},{\"@type\":\"BreadcrumbList\",\"@id\":\"https:\\\/\\\/frutadendazurian.com\\\/#breadcrumb\",\"itemListElement\":[{\"@type\":\"ListItem\",\"position\":1,\"name\":\"Portada\",\"item\":\"https:\\\/\\\/frutadendazurian.com\\\/\"},{\"@type\":\"ListItem\",\"position\":2,\"name\":\"Inicio\"}]},{\"@type\":\"WebSite\",\"@id\":\"https:\\\/\\\/frutadendazurian.com\\\/#website\",\"url\":\"https:\\\/\\\/frutadendazurian.com\\\/\",\"name\":\"Frutadenda Zurian\",\"description\":\"Frutadenda Zurian\",\"publisher\":{\"@id\":\"https:\\\/\\\/frutadendazurian.com\\\/#organization\"},\"potentialAction\":[{\"@type\":\"SearchAction\",\"target\":{\"@type\":\"EntryPoint\",\"urlTemplate\":\"https:\\\/\\\/frutadendazurian.com\\\/?s={search_term_string}\"},\"query-input\":{\"@type\":\"PropertyValueSpecification\",\"valueRequired\":true,\"valueName\":\"search_term_string\"}}],\"inLanguage\":\"eu\"},{\"@type\":\"Organization\",\"@id\":\"https:\\\/\\\/frutadendazurian.com\\\/#organization\",\"name\":\"Frutadenda Zurian\",\"url\":\"https:\\\/\\\/frutadendazurian.com\\\/\",\"logo\":{\"@type\":\"ImageObject\",\"inLanguage\":\"eu\",\"@id\":\"https:\\\/\\\/frutadendazurian.com\\\/#\\\/schema\\\/logo\\\/image\\\/\",\"url\":\"https:\\\/\\\/frutadendazurian.com\\\/wp-content\\\/uploads\\\/2025\\\/06\\\/cropped-logo-trans.png\",\"contentUrl\":\"https:\\\/\\\/frutadendazurian.com\\\/wp-content\\\/uploads\\\/2025\\\/06\\\/cropped-logo-trans.png\",\"width\":500,\"height\":336,\"caption\":\"Frutadenda Zurian\"},\"image\":{\"@id\":\"https:\\\/\\\/frutadendazurian.com\\\/#\\\/schema\\\/logo\\\/image\\\/\"}}]}<\/script>\n<!-- \/ Yoast SEO plugin. -->","yoast_head_json":{"title":"Inicio - Frutadenda Zurian","robots":{"index":"index","follow":"follow","max-snippet":"max-snippet:-1","max-image-preview":"max-image-preview:large","max-video-preview":"max-video-preview:-1"},"canonical":"https:\/\/frutadendazurian.com\/eu\/","og_locale":"en_US","og_type":"article","og_title":"Inicio - Frutadenda Zurian","og_description":"\u00a1Pasi\u00f3n por la fruta con sabor! Bienvenidos Sobre nosotros En Frutadenda Zurian llevamos m\u00e1s de una d\u00e9cada acerc\u00e1ndote lo mejor del campo con cari\u00f1o, frescura y un trato cercano que nos encanta. Desde 2012, nos dedicamos a ofrecer buen g\u00e9nero a buen precio, seleccionando cuidadosamente cada fruta y verdura para que siempre te lleves a [&hellip;]","og_url":"https:\/\/frutadendazurian.com\/eu\/","og_site_name":"Frutadenda Zurian","article_modified_time":"2025-06-17T11:54:13+00:00","og_image":[{"url":"https:\/\/frutadendazurian.com\/wp-content\/uploads\/2025\/06\/88.jpg","type":"","width":"","height":""}],"twitter_card":"summary_large_image","twitter_misc":{"Est. reading time":"1 minutua"},"schema":{"@context":"https:\/\/schema.org","@graph":[{"@type":"WebPage","@id":"https:\/\/frutadendazurian.com\/","url":"https:\/\/frutadendazurian.com\/","name":"Inicio - Frutadenda Zurian","isPartOf":{"@id":"https:\/\/frutadendazurian.com\/#website"},"primaryImageOfPage":{"@id":"https:\/\/frutadendazurian.com\/#primaryimage"},"image":{"@id":"https:\/\/frutadendazurian.com\/#primaryimage"},"thumbnailUrl":"https:\/\/frutadendazurian.com\/wp-content\/uploads\/2025\/06\/88.jpg","datePublished":"2025-06-17T07:42:20+00:00","dateModified":"2025-06-17T11:54:13+00:00","breadcrumb":{"@id":"https:\/\/frutadendazurian.com\/#breadcrumb"},"inLanguage":"eu","potentialAction":[{"@type":"ReadAction","target":["https:\/\/frutadendazurian.com\/"]}]},{"@type":"ImageObject","inLanguage":"eu","@id":"https:\/\/frutadendazurian.com\/#primaryimage","url":"https:\/\/frutadendazurian.com\/wp-content\/uploads\/2025\/06\/88.jpg","contentUrl":"https:\/\/frutadendazurian.com\/wp-content\/uploads\/2025\/06\/88.jpg"},{"@type":"BreadcrumbList","@id":"https:\/\/frutadendazurian.com\/#breadcrumb","itemListElement":[{"@type":"ListItem","position":1,"name":"Portada","item":"https:\/\/frutadendazurian.com\/"},{"@type":"ListItem","position":2,"name":"Inicio"}]},{"@type":"WebSite","@id":"https:\/\/frutadendazurian.com\/#website","url":"https:\/\/frutadendazurian.com\/","name":"Frutadenda Zurian","description":"Frutadenda Zurian","publisher":{"@id":"https:\/\/frutadendazurian.com\/#organization"},"potentialAction":[{"@type":"SearchAction","target":{"@type":"EntryPoint","urlTemplate":"https:\/\/frutadendazurian.com\/?s={search_term_string}"},"query-input":{"@type":"PropertyValueSpecification","valueRequired":true,"valueName":"search_term_string"}}],"inLanguage":"eu"},{"@type":"Organization","@id":"https:\/\/frutadendazurian.com\/#organization","name":"Frutadenda Zurian","url":"https:\/\/frutadendazurian.com\/","logo":{"@type":"ImageObject","inLanguage":"eu","@id":"https:\/\/frutadendazurian.com\/#\/schema\/logo\/image\/","url":"https:\/\/frutadendazurian.com\/wp-content\/uploads\/2025\/06\/cropped-logo-trans.png","contentUrl":"https:\/\/frutadendazurian.com\/wp-content\/uploads\/2025\/06\/cropped-logo-trans.png","width":500,"height":336,"caption":"Frutadenda Zurian"},"image":{"@id":"https:\/\/frutadendazurian.com\/#\/schema\/logo\/image\/"}}]}},"_links":{"self":[{"href":"https:\/\/frutadendazurian.com\/eu\/wp-json\/wp\/v2\/pages\/2","targetHints":{"allow":["GET"]}}],"collection":[{"href":"https:\/\/frutadendazurian.com\/eu\/wp-json\/wp\/v2\/pages"}],"about":[{"href":"https:\/\/frutadendazurian.com\/eu\/wp-json\/wp\/v2\/types\/page"}],"author":[{"embeddable":true,"href":"https:\/\/frutadendazurian.com\/eu\/wp-json\/wp\/v2\/users\/1"}],"replies":[{"embeddable":true,"href":"https:\/\/frutadendazurian.com\/eu\/wp-json\/wp\/v2\/comments?post=2"}],"version-history":[{"count":163,"href":"https:\/\/frutadendazurian.com\/eu\/wp-json\/wp\/v2\/pages\/2\/revisions"}],"predecessor-version":[{"id":476,"href":"https:\/\/frutadendazurian.com\/eu\/wp-json\/wp\/v2\/pages\/2\/revisions\/476"}],"wp:attachment":[{"href":"https:\/\/frutadendazurian.com\/eu\/wp-json\/wp\/v2\/media?parent=2"}],"curies":[{"name":"wp","href":"https:\/\/api.w.org\/{rel}","templated":true}]}}